{"id":371,"date":"2022-03-11T08:51:12","date_gmt":"2022-03-11T07:51:12","guid":{"rendered":"https:\/\/www.super-t.ch\/sortiment\/defence\/"},"modified":"2025-03-19T16:36:41","modified_gmt":"2025-03-19T15:36:41","slug":"defence","status":"publish","type":"product","link":"https:\/\/www.super-t.ch\/fr\/gamme\/defence\/","title":{"rendered":"DEFENCE"},"content":{"rendered":"\n<div class=\"grid-container grid-container--narrow\"><p><strong>Avec tout ce qu\u2019adore le syst\u00e8me immunitaire<\/strong><\/p><p>L\u2019infusion de fleurs aromatiques de mauve et monarde, m\u00e9lang\u00e9e \u00e0 des vitamines essentielles, respire l\u2019\u00e9t\u00e9, comme son apparence. La touche v\u00e9g\u00e9tale de la monarde apporte une note rafra\u00eechissante au go\u00fbt fruit\u00e9 et floral de la mauve.<\/p><p><strong><em>Biotine \/ vitamine&nbsp;D2 \/ s\u00e9l\u00e9nium<\/em><\/strong><\/p><p>La vitamine&nbsp;D et le s\u00e9l\u00e9nium contribuent au bon fonctionnement du syst\u00e8me immunitaire. La biotine contribue \u00e0 un m\u00e9tabolisme \u00e9nerg\u00e9tique normal.<\/p><div class=\"wp-block-wk-accordion accordion\">\n<div class=\"wp-block-wk-accordion-item accordion__item\" id=\"ingredients\" data-beefup-options=\"{&quot;stayOpen&quot; : false, &quot;openSpeed&quot;: 350, &quot;closeSpeed&quot;: 350, &quot;animation&quot;: 'slide'}\"><div class=\"accordion__header\"><h3 class=\"accordion__title\">Ingr\u00e9dients<\/h3><svg width=\"22\" height=\"22\" viewBox=\"0 0 22 22\" class=\"accordion__icon\" aria-hidden=\"true\"><rect class=\"vertical\" x=\"10\" width=\"2\" height=\"22\" fill=\"currentColor\" fill-rule=\"evenodd\" \/><rect class=\"horizontal\" y=\"10\" width=\"22\" height=\"2\" fill=\"currentColor\" fill-rule=\"evenodd\" \/><\/svg><\/div><div class=\"accordion__body\">\n<p><strong><strong>Boisson rafra\u00eechissante aromatis\u00e9e et hypocalorique avec infusion de mauve et monarde.<\/strong><\/strong><\/p>\n\n\n\n<p>Infusion de m\u00e9lisse d\u2019or et mauve (1.1\u2009g\/l), sucre, concentr\u00e9 de jus de citron, ar\u00f4me naturel, vitamines (biotine, D2), min\u00e9raux (sulfate de zinc, gluconate de cuivre, s\u00e9l\u00e9nite de sodium), concentr\u00e9 de patate douce. Pasteuris\u00e9. V\u00e9gan. Produit en Suisse.<\/p>\n<\/div><\/div>\n\n\n\n<div class=\"wp-block-wk-accordion-item accordion__item\" id=\"lessstronggreaterlessstronggreatervaleurs-nutritivesless\/stronggreaterless\/stronggreater\" data-beefup-options=\"{&quot;stayOpen&quot; : false, &quot;openSpeed&quot;: 350, &quot;closeSpeed&quot;: 350, &quot;animation&quot;: 'slide'}\"><div class=\"accordion__header\"><h3 class=\"accordion__title\"><strong><strong>Valeurs nutritives<\/strong><\/strong><\/h3><svg width=\"22\" height=\"22\" viewBox=\"0 0 22 22\" class=\"accordion__icon\" aria-hidden=\"true\"><rect class=\"vertical\" x=\"10\" width=\"2\" height=\"22\" fill=\"currentColor\" fill-rule=\"evenodd\" \/><rect class=\"horizontal\" y=\"10\" width=\"22\" height=\"2\" fill=\"currentColor\" fill-rule=\"evenodd\" \/><\/svg><\/div><div class=\"accordion__body\">\n<figure class=\"wp-block-table\"><table><tbody><tr><td><strong><strong>Valeurs nutritives<\/strong><\/strong><\/td><td class=\"has-text-align-right\" data-align=\"right\"><strong>100 ml<\/strong><\/td><\/tr><tr><td>\u00c9nergie<\/td><td class=\"has-text-align-right\" data-align=\"right\">69 kJ \/ 16 kcal<\/td><\/tr><tr><td>Mati\u00e8res grasses<br>dont acides gras satur\u00e9s<\/td><td class=\"has-text-align-right\" data-align=\"right\">&lt;0.5 g<br>0 g<\/td><\/tr><tr><td>Glucides<br>dont sucres<\/td><td class=\"has-text-align-right\" data-align=\"right\">4 g<br>4 g<\/td><\/tr><tr><td>Prot\u00e9ines<\/td><td class=\"has-text-align-right\" data-align=\"right\">&lt;0.5 g<\/td><\/tr><tr><td>Sel<\/td><td class=\"has-text-align-right\" data-align=\"right\">0 g<\/td><\/tr><\/tbody><\/table><\/figure>\n<\/div><\/div>\n\n\n\n<div class=\"wp-block-wk-accordion-item accordion__item\" id=\"lessstronggreatervitamines-et-minerauxless\/stronggreater\" data-beefup-options=\"{&quot;stayOpen&quot; : false, &quot;openSpeed&quot;: 350, &quot;closeSpeed&quot;: 350, &quot;animation&quot;: 'slide'}\"><div class=\"accordion__header\"><h3 class=\"accordion__title\"><strong>Vitamines et min\u00e9raux<\/strong><\/h3><svg width=\"22\" height=\"22\" viewBox=\"0 0 22 22\" class=\"accordion__icon\" aria-hidden=\"true\"><rect class=\"vertical\" x=\"10\" width=\"2\" height=\"22\" fill=\"currentColor\" fill-rule=\"evenodd\" \/><rect class=\"horizontal\" y=\"10\" width=\"22\" height=\"2\" fill=\"currentColor\" fill-rule=\"evenodd\" \/><\/svg><\/div><div class=\"accordion__body\">\n<figure class=\"wp-block-table\"><table><tbody><tr><td><strong><strong><strong><strong><strong><strong><strong>Vitamines et min\u00e9raux<\/strong><\/strong><\/strong><\/strong><\/strong><\/strong><\/strong><\/td><td class=\"has-text-align-right\" data-align=\"right\"><strong>100 ml<\/strong><\/td><\/tr><tr><td>Vitamine D2<\/td><td class=\"has-text-align-right\" data-align=\"right\">0.75 \u00b5g \/ 15 %*<\/td><\/tr><tr><td>Biotine<\/td><td class=\"has-text-align-right\" data-align=\"right\">7.5 \u00b5g \/ 15 %*<\/td><\/tr><tr><td>Zinc<\/td><td class=\"has-text-align-right\" data-align=\"right\">0.3\u2009mg \/ 3 %*<\/td><\/tr><tr><td>Cuivre<\/td><td class=\"has-text-align-right\" data-align=\"right\">0.1 mg \/ 10 %*<\/td><\/tr><tr><td>S\u00e9l\u00e9nium<\/td><td class=\"has-text-align-right\" data-align=\"right\">8.25\u2009 \u00b5g \/ 15 %*<\/td><\/tr><\/tbody><\/table><\/figure>\n\n\n\n<p class=\"has-wk-small-font-size\">*% Apport de r\u00e9f\u00e9rence pour un adulte-type (8400 kJ \/ 2000 kcal)<\/p>\n<\/div><\/div>\n<\/div><\/div>\n\n\n\n\n\n\n\n\n\n\n\n\n\n\n\n\n\n\n\n<div class=\"grid-container grid-container--default\"><figure class=\"wp-block-gallery alignwide has-nested-images columns-2 is-cropped wp-block-gallery-2 is-layout-flex wp-block-gallery-is-layout-flex\">\n<figure class=\"wp-block-image size-gallery-square\"><img decoding=\"async\" width=\"640\" height=\"640\" data-id=\"625\" src=\"https:\/\/www.super-t.ch\/wp-content\/uploads\/\/supert-defence-adobestock_11392175-640x640.jpg\" alt=\"\" class=\"wp-image-625\" srcset=\"https:\/\/www.super-t.ch\/wp-content\/uploads\/supert-defence-adobestock_11392175-640x640.jpg 640w, https:\/\/www.super-t.ch\/wp-content\/uploads\/supert-defence-adobestock_11392175-300x300.jpg 300w, https:\/\/www.super-t.ch\/wp-content\/uploads\/supert-defence-adobestock_11392175-150x150.jpg 150w, https:\/\/www.super-t.ch\/wp-content\/uploads\/supert-defence-adobestock_11392175-416x416.jpg 416w, https:\/\/www.super-t.ch\/wp-content\/uploads\/supert-defence-adobestock_11392175-406x406.jpg 406w, https:\/\/www.super-t.ch\/wp-content\/uploads\/supert-defence-adobestock_11392175-588x588.jpg 588w, https:\/\/www.super-t.ch\/wp-content\/uploads\/supert-defence-adobestock_11392175-235x235.jpg 235w, https:\/\/www.super-t.ch\/wp-content\/uploads\/supert-defence-adobestock_11392175-194x194.jpg 194w, https:\/\/www.super-t.ch\/wp-content\/uploads\/supert-defence-adobestock_11392175.jpg 700w\" sizes=\"(max-width: 640px) 100vw, 640px\"><\/figure>\n\n\n\n<figure class=\"wp-block-image size-large\"><img decoding=\"async\" width=\"1024\" height=\"576\" data-id=\"629\" src=\"https:\/\/www.super-t.ch\/wp-content\/uploads\/\/supert-defence-allink_h8a5270-1024x576.jpg\" alt=\"\" class=\"wp-image-629\" srcset=\"https:\/\/www.super-t.ch\/wp-content\/uploads\/supert-defence-allink_h8a5270-1024x576.jpg 1024w, https:\/\/www.super-t.ch\/wp-content\/uploads\/supert-defence-allink_h8a5270-300x169.jpg 300w, https:\/\/www.super-t.ch\/wp-content\/uploads\/supert-defence-allink_h8a5270-768x432.jpg 768w, https:\/\/www.super-t.ch\/wp-content\/uploads\/supert-defence-allink_h8a5270-416x234.jpg 416w, https:\/\/www.super-t.ch\/wp-content\/uploads\/supert-defence-allink_h8a5270-580x326.jpg 580w, https:\/\/www.super-t.ch\/wp-content\/uploads\/supert-defence-allink_h8a5270-840x473.jpg 840w, https:\/\/www.super-t.ch\/wp-content\/uploads\/supert-defence-allink_h8a5270-1200x675.jpg 1200w, https:\/\/www.super-t.ch\/wp-content\/uploads\/supert-defence-allink_h8a5270-235x132.jpg 235w, https:\/\/www.super-t.ch\/wp-content\/uploads\/supert-defence-allink_h8a5270-194x109.jpg 194w, https:\/\/www.super-t.ch\/wp-content\/uploads\/supert-defence-allink_h8a5270.jpg 1400w\" sizes=\"(max-width: 1024px) 100vw, 1024px\"><\/figure>\n<\/figure><\/div>\n","protected":false},"excerpt":{"rendered":"<p>La force d\u2019un roc qui r\u00e9siste aux assauts. Avec tout ce qu\u2019adore ton syst\u00e8me immunitaire, comme la biotine, la vitamine D2 et le s\u00e9l\u00e9nium.<\/p>\n","protected":false},"featured_media":707,"template":"","meta":{"_acf_changed":false,"ghostkit_customizer_options":"","ghostkit_custom_css":"","ghostkit_custom_js_head":"","ghostkit_custom_js_foot":"","ghostkit_typography":""},"class_list":["post-371","product","type-product","status-publish","has-post-thumbnail","hentry"],"acf":[],"yoast_head":"<!-- This site is optimized with the Yoast SEO plugin v26.9 - https:\/\/yoast.com\/product\/yoast-seo-wordpress\/ -->\n<title>DEFENCE \u2013 Mauve &amp; Monarde | SuperT<\/title>\n<meta name=\"description\" content=\"Le th\u00e9 vitamin\u00e9 suisse \u2013 DEFENCE avec biotine, vitamine D et s\u00e9l\u00e9nium. Go\u00fbt mauve et monarde.\" \/>\n<meta name=\"robots\" content=\"index, follow, max-snippet:-1, max-image-preview:large, max-video-preview:-1\" \/>\n<link rel=\"canonical\" href=\"https:\/\/www.super-t.ch\/fr\/gamme\/defence\/\" \/>\n<meta property=\"og:locale\" content=\"fr_FR\" \/>\n<meta property=\"og:type\" content=\"article\" \/>\n<meta property=\"og:title\" content=\"DEFENCE \u2013 Mauve &amp; Monarde | SuperT\" \/>\n<meta property=\"og:description\" content=\"Le th\u00e9 vitamin\u00e9 suisse \u2013 DEFENCE avec biotine, vitamine D et s\u00e9l\u00e9nium. Go\u00fbt mauve et monarde.\" \/>\n<meta property=\"og:url\" content=\"https:\/\/www.super-t.ch\/fr\/gamme\/defence\/\" \/>\n<meta property=\"og:site_name\" content=\"SuperT\" \/>\n<meta property=\"article:modified_time\" content=\"2025-03-19T15:36:41+00:00\" \/>\n<meta property=\"og:image\" content=\"https:\/\/www.super-t.ch\/wp-content\/uploads\/supert-defence-50cl-allink-packshot-web-1.png\" \/>\n\t<meta property=\"og:image:width\" content=\"319\" \/>\n\t<meta property=\"og:image:height\" content=\"1000\" \/>\n\t<meta property=\"og:image:type\" content=\"image\/png\" \/>\n<meta name=\"twitter:card\" content=\"summary_large_image\" \/>\n<meta name=\"twitter:label1\" content=\"Dur\u00e9e de lecture estim\u00e9e\" \/>\n\t<meta name=\"twitter:data1\" content=\"2 minutes\" \/>\n<script type=\"application\/ld+json\" class=\"yoast-schema-graph\">{\"@context\":\"https:\/\/schema.org\",\"@graph\":[{\"@type\":\"WebPage\",\"@id\":\"https:\/\/www.super-t.ch\/fr\/gamme\/defence\/\",\"url\":\"https:\/\/www.super-t.ch\/fr\/gamme\/defence\/\",\"name\":\"DEFENCE \u2013 Mauve & Monarde | SuperT\",\"isPartOf\":{\"@id\":\"https:\/\/www.super-t.ch\/fr\/#website\"},\"primaryImageOfPage\":{\"@id\":\"https:\/\/www.super-t.ch\/fr\/gamme\/defence\/#primaryimage\"},\"image\":{\"@id\":\"https:\/\/www.super-t.ch\/fr\/gamme\/defence\/#primaryimage\"},\"thumbnailUrl\":\"https:\/\/www.super-t.ch\/wp-content\/uploads\/supert-defence-50cl-allink-packshot-web-1.png\",\"datePublished\":\"2022-03-11T07:51:12+00:00\",\"dateModified\":\"2025-03-19T15:36:41+00:00\",\"description\":\"Le th\u00e9 vitamin\u00e9 suisse \u2013 DEFENCE avec biotine, vitamine D et s\u00e9l\u00e9nium. Go\u00fbt mauve et monarde.\",\"breadcrumb\":{\"@id\":\"https:\/\/www.super-t.ch\/fr\/gamme\/defence\/#breadcrumb\"},\"inLanguage\":\"fr-FR\",\"potentialAction\":[{\"@type\":\"ReadAction\",\"target\":[\"https:\/\/www.super-t.ch\/fr\/gamme\/defence\/\"]}]},{\"@type\":\"ImageObject\",\"inLanguage\":\"fr-FR\",\"@id\":\"https:\/\/www.super-t.ch\/fr\/gamme\/defence\/#primaryimage\",\"url\":\"https:\/\/www.super-t.ch\/wp-content\/uploads\/supert-defence-50cl-allink-packshot-web-1.png\",\"contentUrl\":\"https:\/\/www.super-t.ch\/wp-content\/uploads\/supert-defence-50cl-allink-packshot-web-1.png\",\"width\":319,\"height\":1000},{\"@type\":\"BreadcrumbList\",\"@id\":\"https:\/\/www.super-t.ch\/fr\/gamme\/defence\/#breadcrumb\",\"itemListElement\":[{\"@type\":\"ListItem\",\"position\":1,\"name\":\"Home\",\"item\":\"https:\/\/www.super-t.ch\/fr\/\"},{\"@type\":\"ListItem\",\"position\":2,\"name\":\"DEFENCE\"}]},{\"@type\":\"WebSite\",\"@id\":\"https:\/\/www.super-t.ch\/fr\/#website\",\"url\":\"https:\/\/www.super-t.ch\/fr\/\",\"name\":\"SuperT\",\"description\":\"by Ramseier\",\"publisher\":{\"@id\":\"https:\/\/www.super-t.ch\/fr\/#organization\"},\"potentialAction\":[{\"@type\":\"SearchAction\",\"target\":{\"@type\":\"EntryPoint\",\"urlTemplate\":\"https:\/\/www.super-t.ch\/fr\/?s={search_term_string}\"},\"query-input\":{\"@type\":\"PropertyValueSpecification\",\"valueRequired\":true,\"valueName\":\"search_term_string\"}}],\"inLanguage\":\"fr-FR\"},{\"@type\":\"Organization\",\"@id\":\"https:\/\/www.super-t.ch\/fr\/#organization\",\"name\":\"SuperT\",\"url\":\"https:\/\/www.super-t.ch\/fr\/\",\"logo\":{\"@type\":\"ImageObject\",\"inLanguage\":\"fr-FR\",\"@id\":\"https:\/\/www.super-t.ch\/fr\/#\/schema\/logo\/image\/\",\"url\":\"https:\/\/www.super-t.ch\/wp-content\/uploads\/favicon-supert.png\",\"contentUrl\":\"https:\/\/www.super-t.ch\/wp-content\/uploads\/favicon-supert.png\",\"width\":500,\"height\":500,\"caption\":\"SuperT\"},\"image\":{\"@id\":\"https:\/\/www.super-t.ch\/fr\/#\/schema\/logo\/image\/\"}}]}<\/script>\n<!-- \/ Yoast SEO plugin. -->","yoast_head_json":{"title":"DEFENCE \u2013 Mauve & Monarde | SuperT","description":"Le th\u00e9 vitamin\u00e9 suisse \u2013 DEFENCE avec biotine, vitamine D et s\u00e9l\u00e9nium. Go\u00fbt mauve et monarde.","robots":{"index":"index","follow":"follow","max-snippet":"max-snippet:-1","max-image-preview":"max-image-preview:large","max-video-preview":"max-video-preview:-1"},"canonical":"https:\/\/www.super-t.ch\/fr\/gamme\/defence\/","og_locale":"fr_FR","og_type":"article","og_title":"DEFENCE \u2013 Mauve & Monarde | SuperT","og_description":"Le th\u00e9 vitamin\u00e9 suisse \u2013 DEFENCE avec biotine, vitamine D et s\u00e9l\u00e9nium. Go\u00fbt mauve et monarde.","og_url":"https:\/\/www.super-t.ch\/fr\/gamme\/defence\/","og_site_name":"SuperT","article_modified_time":"2025-03-19T15:36:41+00:00","og_image":[{"width":319,"height":1000,"url":"https:\/\/www.super-t.ch\/wp-content\/uploads\/supert-defence-50cl-allink-packshot-web-1.png","type":"image\/png"}],"twitter_card":"summary_large_image","twitter_misc":{"Dur\u00e9e de lecture estim\u00e9e":"2 minutes"},"schema":{"@context":"https:\/\/schema.org","@graph":[{"@type":"WebPage","@id":"https:\/\/www.super-t.ch\/fr\/gamme\/defence\/","url":"https:\/\/www.super-t.ch\/fr\/gamme\/defence\/","name":"DEFENCE \u2013 Mauve & Monarde | SuperT","isPartOf":{"@id":"https:\/\/www.super-t.ch\/fr\/#website"},"primaryImageOfPage":{"@id":"https:\/\/www.super-t.ch\/fr\/gamme\/defence\/#primaryimage"},"image":{"@id":"https:\/\/www.super-t.ch\/fr\/gamme\/defence\/#primaryimage"},"thumbnailUrl":"https:\/\/www.super-t.ch\/wp-content\/uploads\/supert-defence-50cl-allink-packshot-web-1.png","datePublished":"2022-03-11T07:51:12+00:00","dateModified":"2025-03-19T15:36:41+00:00","description":"Le th\u00e9 vitamin\u00e9 suisse \u2013 DEFENCE avec biotine, vitamine D et s\u00e9l\u00e9nium. Go\u00fbt mauve et monarde.","breadcrumb":{"@id":"https:\/\/www.super-t.ch\/fr\/gamme\/defence\/#breadcrumb"},"inLanguage":"fr-FR","potentialAction":[{"@type":"ReadAction","target":["https:\/\/www.super-t.ch\/fr\/gamme\/defence\/"]}]},{"@type":"ImageObject","inLanguage":"fr-FR","@id":"https:\/\/www.super-t.ch\/fr\/gamme\/defence\/#primaryimage","url":"https:\/\/www.super-t.ch\/wp-content\/uploads\/supert-defence-50cl-allink-packshot-web-1.png","contentUrl":"https:\/\/www.super-t.ch\/wp-content\/uploads\/supert-defence-50cl-allink-packshot-web-1.png","width":319,"height":1000},{"@type":"BreadcrumbList","@id":"https:\/\/www.super-t.ch\/fr\/gamme\/defence\/#breadcrumb","itemListElement":[{"@type":"ListItem","position":1,"name":"Home","item":"https:\/\/www.super-t.ch\/fr\/"},{"@type":"ListItem","position":2,"name":"DEFENCE"}]},{"@type":"WebSite","@id":"https:\/\/www.super-t.ch\/fr\/#website","url":"https:\/\/www.super-t.ch\/fr\/","name":"SuperT","description":"by Ramseier","publisher":{"@id":"https:\/\/www.super-t.ch\/fr\/#organization"},"potentialAction":[{"@type":"SearchAction","target":{"@type":"EntryPoint","urlTemplate":"https:\/\/www.super-t.ch\/fr\/?s={search_term_string}"},"query-input":{"@type":"PropertyValueSpecification","valueRequired":true,"valueName":"search_term_string"}}],"inLanguage":"fr-FR"},{"@type":"Organization","@id":"https:\/\/www.super-t.ch\/fr\/#organization","name":"SuperT","url":"https:\/\/www.super-t.ch\/fr\/","logo":{"@type":"ImageObject","inLanguage":"fr-FR","@id":"https:\/\/www.super-t.ch\/fr\/#\/schema\/logo\/image\/","url":"https:\/\/www.super-t.ch\/wp-content\/uploads\/favicon-supert.png","contentUrl":"https:\/\/www.super-t.ch\/wp-content\/uploads\/favicon-supert.png","width":500,"height":500,"caption":"SuperT"},"image":{"@id":"https:\/\/www.super-t.ch\/fr\/#\/schema\/logo\/image\/"}}]}},"_links":{"self":[{"href":"https:\/\/www.super-t.ch\/fr\/wp-json\/wp\/v2\/product\/371","targetHints":{"allow":["GET"]}}],"collection":[{"href":"https:\/\/www.super-t.ch\/fr\/wp-json\/wp\/v2\/product"}],"about":[{"href":"https:\/\/www.super-t.ch\/fr\/wp-json\/wp\/v2\/types\/product"}],"version-history":[{"count":17,"href":"https:\/\/www.super-t.ch\/fr\/wp-json\/wp\/v2\/product\/371\/revisions"}],"predecessor-version":[{"id":2405,"href":"https:\/\/www.super-t.ch\/fr\/wp-json\/wp\/v2\/product\/371\/revisions\/2405"}],"wp:featuredmedia":[{"embeddable":true,"href":"https:\/\/www.super-t.ch\/fr\/wp-json\/wp\/v2\/media\/707"}],"wp:attachment":[{"href":"https:\/\/www.super-t.ch\/fr\/wp-json\/wp\/v2\/media?parent=371"}],"curies":[{"name":"wp","href":"https:\/\/api.w.org\/{rel}","templated":true}]}}