{"id":402,"date":"2022-03-09T15:55:42","date_gmt":"2022-03-09T14:55:42","guid":{"rendered":"https:\/\/www.super-t.ch\/impressum\/"},"modified":"2022-11-02T08:00:16","modified_gmt":"2022-11-02T07:00:16","slug":"mentions-legales","status":"publish","type":"page","link":"https:\/\/www.super-t.ch\/fr\/mentions-legales\/","title":{"rendered":"Mentions l\u00e9gales"},"content":{"rendered":"\n<div class=\"grid-container grid-container--narrow\"><div class=\"wp-block-group is-style-boxed\"><div class=\"wp-block-group__inner-container is-layout-flow wp-block-group-is-layout-flow\">\n<h1 class=\"wp-block-heading\" id=\"mentions-legales\">Mentions l\u00e9gales<\/h1>\n\n\n\n<p>Responsable du contenu de la page<\/p>\n\n\n\n<p><strong>RAMSEIER Suisse SA<br><\/strong>Merkurstrasse 1<br>6210 Sursee<\/p>\n\n\n\n<p>T\u00e9l\u00e9phone: <a href=\"tel:+41584344400\">+41 58 434 44 00<\/a><br>Fax: <a href=\"tel:+41584344404\">+41 58 434 44 04<\/a><br>E-mail:<a href=\"mailto:info@super-t.ch\"> <meta http-equiv=\"content-type\" content=\"text\/html; charset=utf-8\"><a href=\"mailto:info@super-t.ch\" target=\"_blank\" rel=\"noreferrer noopener\">info@super-t.ch<\/a><\/a><br>No de registre du commerce: CH-100.3.785.032-8<br>No de TVA: CHE-112.287.955 MWST<\/p>\n\n\n\n<p>Le droit suisse s\u2019applique. Le for exclusif est le si\u00e8ge de RAMSEIER Suisse SA.<\/p>\n\n\n\n<h2 class=\"ghostkit-custom-Z260pq0 wp-block-heading\" id=\"programmation-web\"><strong>Programmation web<\/strong><\/h2>\n\n\n\n<p><a href=\"https:\/\/www.webkinder.ch\/\" target=\"_blank\" rel=\"noreferrer noopener\">WEBKINDER AG<\/a><br>Morgartenstrasse 17<br>6003 Luzern<br><a href=\"mailto:mail@webkinder.ch\">mail@webkinder.ch<\/a><\/p>\n\n\n\n<div style=\"height:30px\" aria-hidden=\"true\" class=\"wp-block-spacer\"><\/div>\n\n\n\n<h2 class=\"wp-block-heading\" id=\"design\">Design<\/h2>\n\n\n\n<p><a href=\"https:\/\/www.google.ch\/maps\/place\/allink+AG\/@47.361756,8.516759,15z\/data=!4m5!3m4!1s0x0:0x4bc9271b1d6f2683!8m2!3d47.361756!4d8.516759\" target=\"_blank\" rel=\"noreferrer noopener\">allink AG<br>Grubenstrasse 9<\/a><br><a href=\"https:\/\/www.google.ch\/maps\/place\/allink+AG\/@47.361756,8.516759,15z\/data=!4m5!3m4!1s0x0:0x4bc9271b1d6f2683!8m2!3d47.361756!4d8.516759\" target=\"_blank\" rel=\"noreferrer noopener\">8045 Z\u00fcrich<\/a><br>+41 43 333 30 90<br><a href=\"mailto:welcome@allink.ch\">welcome@allink.ch<\/a><\/p>\n\n\n\n<h2 class=\"ghostkit-custom-Z1EzQMw wp-block-heading\" id=\"mentions-legales\"><strong>Mentions l\u00e9gales<\/strong><\/h2>\n\n\n\n<p>Le copyright pour l\u2019ensemble du site Internet est d\u00e9tenu par RAMSEIER Suisse AG. Les contenus ne peuvent pas \u00eatre utilis\u00e9s dans un autre contexte ou copi\u00e9s. Toute pr\u00e9tention en dommages et int\u00e9r\u00eats quant aux informations contenues dans ce site web est exclue. La copie, l\u2019utilisation et la modification du contenu du site, en entier ou en partie, exige l\u2019accord \u00e9crit de RAMSEIER Suisse AG.<\/p>\n\n\n\n<p>\u00a9 RAMSEIER Suisse AG<\/p>\n\n\n\n<h2 class=\"ghostkit-custom-1NWANL wp-block-heading\" id=\"copyright\"><strong>Copyright<\/strong><\/h2>\n\n\n\n<p>Les droits d\u2019auteur et tous les autres droits relatifs aux contenus, illustrations, photographies et autres donn\u00e9es plac\u00e9s sur le pr\u00e9sent site web sont la propri\u00e9t\u00e9 exclusive de RAMSEIER Suisse SA. Toute reproduction de ses contenus est subordonn\u00e9e \u00e0 l\u2019autorisation \u00e9crite pr\u00e9alable du d\u00e9tenteur des droits.<\/p>\n<\/div><\/div><div style=\"height:100px\" aria-hidden=\"true\" class=\"wp-block-spacer\"><\/div><\/div>\n\n\n\n\n","protected":false},"excerpt":{"rendered":"<p>Mentions l\u00e9galesResponsable du contenu de la pageRAMSEIER Suisse SAMerkurstrasse 16210 SurseeT\u00e9l\u00e9phone: +41 58 434 44 00Fax: +41 58 434 44 04E-mail: info@super-t.chNo de registre du commerce: CH-100.3.785.032-8No de TVA: CHE-112.287.955 MWSTLe droit suisse s\u2019applique. Le for exclusif est le si\u00e8ge de RAMSEIER Suisse SA.Programmation webWEBKINDER AGMorgartenstrasse 176003 Luzernmail@webkinder.chDesignallink AGGrubenstrasse 98045 Z\u00fcrich+41 43 333 30 90welcome@allink.chMentions [&hellip;]<\/p>\n","protected":false},"author":1,"featured_media":0,"parent":0,"menu_order":30,"comment_status":"closed","ping_status":"closed","template":"","meta":{"_acf_changed":false,"ghostkit_customizer_options":"","ghostkit_custom_css":"","ghostkit_custom_js_head":"","ghostkit_custom_js_foot":"","ghostkit_typography":"","footnotes":""},"class_list":["post-402","page","type-page","status-publish","hentry"],"acf":[],"yoast_head":"<!-- This site is optimized with the Yoast SEO plugin v26.9 - https:\/\/yoast.com\/product\/yoast-seo-wordpress\/ -->\n<title>Mentions l\u00e9gales | SuperT<\/title>\n<meta name=\"description\" content=\"Mentions l\u00e9gales du site web supert.ch.\" \/>\n<meta name=\"robots\" content=\"index, follow, max-snippet:-1, max-image-preview:large, max-video-preview:-1\" \/>\n<link rel=\"canonical\" href=\"https:\/\/www.super-t.ch\/fr\/mentions-legales\/\" \/>\n<meta property=\"og:locale\" content=\"fr_FR\" \/>\n<meta property=\"og:type\" content=\"article\" \/>\n<meta property=\"og:title\" content=\"Mentions l\u00e9gales | SuperT\" \/>\n<meta property=\"og:description\" content=\"Mentions l\u00e9gales du site web supert.ch.\" \/>\n<meta property=\"og:url\" content=\"https:\/\/www.super-t.ch\/fr\/mentions-legales\/\" \/>\n<meta property=\"og:site_name\" content=\"SuperT\" \/>\n<meta property=\"article:modified_time\" content=\"2022-11-02T07:00:16+00:00\" \/>\n<meta name=\"twitter:card\" content=\"summary_large_image\" \/>\n<meta name=\"twitter:label1\" content=\"Dur\u00e9e de lecture estim\u00e9e\" \/>\n\t<meta name=\"twitter:data1\" content=\"2 minutes\" \/>\n<script type=\"application\/ld+json\" class=\"yoast-schema-graph\">{\"@context\":\"https:\/\/schema.org\",\"@graph\":[{\"@type\":\"WebPage\",\"@id\":\"https:\/\/www.super-t.ch\/fr\/mentions-legales\/\",\"url\":\"https:\/\/www.super-t.ch\/fr\/mentions-legales\/\",\"name\":\"Mentions l\u00e9gales | SuperT\",\"isPartOf\":{\"@id\":\"https:\/\/www.super-t.ch\/fr\/#website\"},\"datePublished\":\"2022-03-09T14:55:42+00:00\",\"dateModified\":\"2022-11-02T07:00:16+00:00\",\"description\":\"Mentions l\u00e9gales du site web supert.ch.\",\"breadcrumb\":{\"@id\":\"https:\/\/www.super-t.ch\/fr\/mentions-legales\/#breadcrumb\"},\"inLanguage\":\"fr-FR\",\"potentialAction\":[{\"@type\":\"ReadAction\",\"target\":[\"https:\/\/www.super-t.ch\/fr\/mentions-legales\/\"]}]},{\"@type\":\"BreadcrumbList\",\"@id\":\"https:\/\/www.super-t.ch\/fr\/mentions-legales\/#breadcrumb\",\"itemListElement\":[{\"@type\":\"ListItem\",\"position\":1,\"name\":\"Home\",\"item\":\"https:\/\/www.super-t.ch\/fr\/\"},{\"@type\":\"ListItem\",\"position\":2,\"name\":\"Mentions l\u00e9gales\"}]},{\"@type\":\"WebSite\",\"@id\":\"https:\/\/www.super-t.ch\/fr\/#website\",\"url\":\"https:\/\/www.super-t.ch\/fr\/\",\"name\":\"SuperT\",\"description\":\"by Ramseier\",\"publisher\":{\"@id\":\"https:\/\/www.super-t.ch\/fr\/#organization\"},\"potentialAction\":[{\"@type\":\"SearchAction\",\"target\":{\"@type\":\"EntryPoint\",\"urlTemplate\":\"https:\/\/www.super-t.ch\/fr\/?s={search_term_string}\"},\"query-input\":{\"@type\":\"PropertyValueSpecification\",\"valueRequired\":true,\"valueName\":\"search_term_string\"}}],\"inLanguage\":\"fr-FR\"},{\"@type\":\"Organization\",\"@id\":\"https:\/\/www.super-t.ch\/fr\/#organization\",\"name\":\"SuperT\",\"url\":\"https:\/\/www.super-t.ch\/fr\/\",\"logo\":{\"@type\":\"ImageObject\",\"inLanguage\":\"fr-FR\",\"@id\":\"https:\/\/www.super-t.ch\/fr\/#\/schema\/logo\/image\/\",\"url\":\"https:\/\/www.super-t.ch\/wp-content\/uploads\/favicon-supert.png\",\"contentUrl\":\"https:\/\/www.super-t.ch\/wp-content\/uploads\/favicon-supert.png\",\"width\":500,\"height\":500,\"caption\":\"SuperT\"},\"image\":{\"@id\":\"https:\/\/www.super-t.ch\/fr\/#\/schema\/logo\/image\/\"}}]}<\/script>\n<!-- \/ Yoast SEO plugin. -->","yoast_head_json":{"title":"Mentions l\u00e9gales | SuperT","description":"Mentions l\u00e9gales du site web supert.ch.","robots":{"index":"index","follow":"follow","max-snippet":"max-snippet:-1","max-image-preview":"max-image-preview:large","max-video-preview":"max-video-preview:-1"},"canonical":"https:\/\/www.super-t.ch\/fr\/mentions-legales\/","og_locale":"fr_FR","og_type":"article","og_title":"Mentions l\u00e9gales | SuperT","og_description":"Mentions l\u00e9gales du site web supert.ch.","og_url":"https:\/\/www.super-t.ch\/fr\/mentions-legales\/","og_site_name":"SuperT","article_modified_time":"2022-11-02T07:00:16+00:00","twitter_card":"summary_large_image","twitter_misc":{"Dur\u00e9e de lecture estim\u00e9e":"2 minutes"},"schema":{"@context":"https:\/\/schema.org","@graph":[{"@type":"WebPage","@id":"https:\/\/www.super-t.ch\/fr\/mentions-legales\/","url":"https:\/\/www.super-t.ch\/fr\/mentions-legales\/","name":"Mentions l\u00e9gales | SuperT","isPartOf":{"@id":"https:\/\/www.super-t.ch\/fr\/#website"},"datePublished":"2022-03-09T14:55:42+00:00","dateModified":"2022-11-02T07:00:16+00:00","description":"Mentions l\u00e9gales du site web supert.ch.","breadcrumb":{"@id":"https:\/\/www.super-t.ch\/fr\/mentions-legales\/#breadcrumb"},"inLanguage":"fr-FR","potentialAction":[{"@type":"ReadAction","target":["https:\/\/www.super-t.ch\/fr\/mentions-legales\/"]}]},{"@type":"BreadcrumbList","@id":"https:\/\/www.super-t.ch\/fr\/mentions-legales\/#breadcrumb","itemListElement":[{"@type":"ListItem","position":1,"name":"Home","item":"https:\/\/www.super-t.ch\/fr\/"},{"@type":"ListItem","position":2,"name":"Mentions l\u00e9gales"}]},{"@type":"WebSite","@id":"https:\/\/www.super-t.ch\/fr\/#website","url":"https:\/\/www.super-t.ch\/fr\/","name":"SuperT","description":"by Ramseier","publisher":{"@id":"https:\/\/www.super-t.ch\/fr\/#organization"},"potentialAction":[{"@type":"SearchAction","target":{"@type":"EntryPoint","urlTemplate":"https:\/\/www.super-t.ch\/fr\/?s={search_term_string}"},"query-input":{"@type":"PropertyValueSpecification","valueRequired":true,"valueName":"search_term_string"}}],"inLanguage":"fr-FR"},{"@type":"Organization","@id":"https:\/\/www.super-t.ch\/fr\/#organization","name":"SuperT","url":"https:\/\/www.super-t.ch\/fr\/","logo":{"@type":"ImageObject","inLanguage":"fr-FR","@id":"https:\/\/www.super-t.ch\/fr\/#\/schema\/logo\/image\/","url":"https:\/\/www.super-t.ch\/wp-content\/uploads\/favicon-supert.png","contentUrl":"https:\/\/www.super-t.ch\/wp-content\/uploads\/favicon-supert.png","width":500,"height":500,"caption":"SuperT"},"image":{"@id":"https:\/\/www.super-t.ch\/fr\/#\/schema\/logo\/image\/"}}]}},"_links":{"self":[{"href":"https:\/\/www.super-t.ch\/fr\/wp-json\/wp\/v2\/pages\/402","targetHints":{"allow":["GET"]}}],"collection":[{"href":"https:\/\/www.super-t.ch\/fr\/wp-json\/wp\/v2\/pages"}],"about":[{"href":"https:\/\/www.super-t.ch\/fr\/wp-json\/wp\/v2\/types\/page"}],"author":[{"embeddable":true,"href":"https:\/\/www.super-t.ch\/fr\/wp-json\/wp\/v2\/users\/1"}],"replies":[{"embeddable":true,"href":"https:\/\/www.super-t.ch\/fr\/wp-json\/wp\/v2\/comments?post=402"}],"version-history":[{"count":9,"href":"https:\/\/www.super-t.ch\/fr\/wp-json\/wp\/v2\/pages\/402\/revisions"}],"predecessor-version":[{"id":915,"href":"https:\/\/www.super-t.ch\/fr\/wp-json\/wp\/v2\/pages\/402\/revisions\/915"}],"wp:attachment":[{"href":"https:\/\/www.super-t.ch\/fr\/wp-json\/wp\/v2\/media?parent=402"}],"curies":[{"name":"wp","href":"https:\/\/api.w.org\/{rel}","templated":true}]}}