{"id":216,"date":"2022-03-09T15:55:28","date_gmt":"2022-03-09T14:55:28","guid":{"rendered":"https:\/\/www.super-t.ch\/?page_id=216"},"modified":"2025-03-26T15:03:23","modified_gmt":"2025-03-26T14:03:23","slug":"contact","status":"publish","type":"page","link":"https:\/\/www.super-t.ch\/fr\/contact\/","title":{"rendered":"Contact"},"content":{"rendered":"\n<div class=\"grid-container grid-container--default\"><div class=\"wp-block-columns alignwide is-layout-flex wp-container-core-columns-is-layout-9d6595d7 wp-block-columns-is-layout-flex\">\n<div class=\"wp-block-column is-layout-flow wp-block-column-is-layout-flow\">\n<figure class=\"wp-block-image size-large\"><img decoding=\"async\" width=\"1359\" height=\"1080\" src=\"https:\/\/www.super-t.ch\/wp-content\/uploads\/\/dsc00243-1359x1080.jpg\" alt=\"\" class=\"wp-image-2372\" srcset=\"https:\/\/www.super-t.ch\/wp-content\/uploads\/dsc00243-1359x1080.jpg 1359w, https:\/\/www.super-t.ch\/wp-content\/uploads\/dsc00243-680x540.jpg 680w, https:\/\/www.super-t.ch\/wp-content\/uploads\/dsc00243-768x610.jpg 768w, https:\/\/www.super-t.ch\/wp-content\/uploads\/dsc00243-1536x1220.jpg 1536w, https:\/\/www.super-t.ch\/wp-content\/uploads\/dsc00243-416x331.jpg 416w, https:\/\/www.super-t.ch\/wp-content\/uploads\/dsc00243-511x406.jpg 511w, https:\/\/www.super-t.ch\/wp-content\/uploads\/dsc00243-740x588.jpg 740w, https:\/\/www.super-t.ch\/wp-content\/uploads\/dsc00243-1057x840.jpg 1057w, https:\/\/www.super-t.ch\/wp-content\/uploads\/dsc00243-1692x1344.jpg 1692w, https:\/\/www.super-t.ch\/wp-content\/uploads\/dsc00243-235x187.jpg 235w, https:\/\/www.super-t.ch\/wp-content\/uploads\/dsc00243-194x154.jpg 194w, https:\/\/www.super-t.ch\/wp-content\/uploads\/dsc00243.jpg 2000w\" sizes=\"(max-width: 1359px) 100vw, 1359px\"><\/figure>\n<\/div>\n\n\n\n<div class=\"wp-block-column is-vertically-aligned-bottom is-layout-flow wp-block-column-is-layout-flow\">\n<h1 class=\"wp-block-heading h2\" id=\"contact\">Contact<\/h1>\n\n\n\n<p class=\"is-style-lead-small\">Tu es int\u00e9ress\u00e9 \u00e0 proposer SuperT dans ton \u00e9tablissement ? Alors nous devrions faire connaissance.<\/p>\n\n\n\n<p><strong>RAMSEIER Suisse SA<\/strong><br>Merkurstrasse 1<br>6210 Sursee<\/p>\n\n\n\n<p><a href=\"tel:+41584344400\">+41 58 434 44 00<\/a><\/p>\n\n\n\n<p><a href=\"mailto:info@super-t.ch\">info@super-t.ch<\/a><\/p>\n<\/div>\n<\/div><\/div>\n\n\n\n<div class=\"grid-container grid-container--narrow\"><p><\/p><\/div>\n","protected":false},"excerpt":{"rendered":"<p>ContactTu es int\u00e9ress\u00e9 \u00e0 proposer SuperT dans ton \u00e9tablissement ? Alors nous devrions faire connaissance.RAMSEIER Suisse SAMerkurstrasse 16210 Sursee+41 58 434 44 00info@super-t.ch<\/p>\n","protected":false},"author":1,"featured_media":0,"parent":0,"menu_order":30,"comment_status":"closed","ping_status":"closed","template":"","meta":{"_acf_changed":false,"ghostkit_customizer_options":"","ghostkit_custom_css":"","ghostkit_custom_js_head":"","ghostkit_custom_js_foot":"","ghostkit_typography":"","footnotes":""},"class_list":["post-216","page","type-page","status-publish","hentry"],"acf":[],"yoast_head":"<!-- This site is optimized with the Yoast SEO plugin v26.9 - https:\/\/yoast.com\/product\/yoast-seo-wordpress\/ -->\n<title>Contact | SuperT<\/title>\n<meta name=\"description\" content=\"Tu souhaites proposer du SuperT dans ton \u00e9tablissement? Ou bien tu as des questions sur le SuperT? Faisons connaissance!\" \/>\n<meta name=\"robots\" content=\"index, follow, max-snippet:-1, max-image-preview:large, max-video-preview:-1\" \/>\n<link rel=\"canonical\" href=\"https:\/\/www.super-t.ch\/fr\/contact\/\" \/>\n<meta property=\"og:locale\" content=\"fr_FR\" \/>\n<meta property=\"og:type\" content=\"article\" \/>\n<meta property=\"og:title\" content=\"Contact | SuperT\" \/>\n<meta property=\"og:description\" content=\"Tu souhaites proposer du SuperT dans ton \u00e9tablissement? Ou bien tu as des questions sur le SuperT? Faisons connaissance!\" \/>\n<meta property=\"og:url\" content=\"https:\/\/www.super-t.ch\/fr\/contact\/\" \/>\n<meta property=\"og:site_name\" content=\"SuperT\" \/>\n<meta property=\"article:modified_time\" content=\"2025-03-26T14:03:23+00:00\" \/>\n<meta property=\"og:image\" content=\"https:\/\/www.super-t.ch\/wp-content\/uploads\/dsc00243.jpg\" \/>\n\t<meta property=\"og:image:width\" content=\"2000\" \/>\n\t<meta property=\"og:image:height\" content=\"1589\" \/>\n\t<meta property=\"og:image:type\" content=\"image\/jpeg\" \/>\n<meta name=\"twitter:card\" content=\"summary_large_image\" \/>\n<meta name=\"twitter:label1\" content=\"Dur\u00e9e de lecture estim\u00e9e\" \/>\n\t<meta name=\"twitter:data1\" content=\"1 minute\" \/>\n<script type=\"application\/ld+json\" class=\"yoast-schema-graph\">{\"@context\":\"https:\/\/schema.org\",\"@graph\":[{\"@type\":\"WebPage\",\"@id\":\"https:\/\/www.super-t.ch\/fr\/contact\/\",\"url\":\"https:\/\/www.super-t.ch\/fr\/contact\/\",\"name\":\"Contact | SuperT\",\"isPartOf\":{\"@id\":\"https:\/\/www.super-t.ch\/fr\/#website\"},\"primaryImageOfPage\":{\"@id\":\"https:\/\/www.super-t.ch\/fr\/contact\/#primaryimage\"},\"image\":{\"@id\":\"https:\/\/www.super-t.ch\/fr\/contact\/#primaryimage\"},\"thumbnailUrl\":\"https:\/\/www.super-t.ch\/wp-content\/uploads\/\/dsc00243-1359x1080.jpg\",\"datePublished\":\"2022-03-09T14:55:28+00:00\",\"dateModified\":\"2025-03-26T14:03:23+00:00\",\"description\":\"Tu souhaites proposer du SuperT dans ton \u00e9tablissement? Ou bien tu as des questions sur le SuperT? Faisons connaissance!\",\"breadcrumb\":{\"@id\":\"https:\/\/www.super-t.ch\/fr\/contact\/#breadcrumb\"},\"inLanguage\":\"fr-FR\",\"potentialAction\":[{\"@type\":\"ReadAction\",\"target\":[\"https:\/\/www.super-t.ch\/fr\/contact\/\"]}]},{\"@type\":\"ImageObject\",\"inLanguage\":\"fr-FR\",\"@id\":\"https:\/\/www.super-t.ch\/fr\/contact\/#primaryimage\",\"url\":\"https:\/\/www.super-t.ch\/wp-content\/uploads\/\/dsc00243-1359x1080.jpg\",\"contentUrl\":\"https:\/\/www.super-t.ch\/wp-content\/uploads\/\/dsc00243-1359x1080.jpg\"},{\"@type\":\"BreadcrumbList\",\"@id\":\"https:\/\/www.super-t.ch\/fr\/contact\/#breadcrumb\",\"itemListElement\":[{\"@type\":\"ListItem\",\"position\":1,\"name\":\"Home\",\"item\":\"https:\/\/www.super-t.ch\/fr\/\"},{\"@type\":\"ListItem\",\"position\":2,\"name\":\"Contact\"}]},{\"@type\":\"WebSite\",\"@id\":\"https:\/\/www.super-t.ch\/fr\/#website\",\"url\":\"https:\/\/www.super-t.ch\/fr\/\",\"name\":\"SuperT\",\"description\":\"by Ramseier\",\"publisher\":{\"@id\":\"https:\/\/www.super-t.ch\/fr\/#organization\"},\"potentialAction\":[{\"@type\":\"SearchAction\",\"target\":{\"@type\":\"EntryPoint\",\"urlTemplate\":\"https:\/\/www.super-t.ch\/fr\/?s={search_term_string}\"},\"query-input\":{\"@type\":\"PropertyValueSpecification\",\"valueRequired\":true,\"valueName\":\"search_term_string\"}}],\"inLanguage\":\"fr-FR\"},{\"@type\":\"Organization\",\"@id\":\"https:\/\/www.super-t.ch\/fr\/#organization\",\"name\":\"SuperT\",\"url\":\"https:\/\/www.super-t.ch\/fr\/\",\"logo\":{\"@type\":\"ImageObject\",\"inLanguage\":\"fr-FR\",\"@id\":\"https:\/\/www.super-t.ch\/fr\/#\/schema\/logo\/image\/\",\"url\":\"https:\/\/www.super-t.ch\/wp-content\/uploads\/favicon-supert.png\",\"contentUrl\":\"https:\/\/www.super-t.ch\/wp-content\/uploads\/favicon-supert.png\",\"width\":500,\"height\":500,\"caption\":\"SuperT\"},\"image\":{\"@id\":\"https:\/\/www.super-t.ch\/fr\/#\/schema\/logo\/image\/\"}}]}<\/script>\n<!-- \/ Yoast SEO plugin. -->","yoast_head_json":{"title":"Contact | SuperT","description":"Tu souhaites proposer du SuperT dans ton \u00e9tablissement? Ou bien tu as des questions sur le SuperT? Faisons connaissance!","robots":{"index":"index","follow":"follow","max-snippet":"max-snippet:-1","max-image-preview":"max-image-preview:large","max-video-preview":"max-video-preview:-1"},"canonical":"https:\/\/www.super-t.ch\/fr\/contact\/","og_locale":"fr_FR","og_type":"article","og_title":"Contact | SuperT","og_description":"Tu souhaites proposer du SuperT dans ton \u00e9tablissement? Ou bien tu as des questions sur le SuperT? Faisons connaissance!","og_url":"https:\/\/www.super-t.ch\/fr\/contact\/","og_site_name":"SuperT","article_modified_time":"2025-03-26T14:03:23+00:00","og_image":[{"width":2000,"height":1589,"url":"https:\/\/www.super-t.ch\/wp-content\/uploads\/dsc00243.jpg","type":"image\/jpeg"}],"twitter_card":"summary_large_image","twitter_misc":{"Dur\u00e9e de lecture estim\u00e9e":"1 minute"},"schema":{"@context":"https:\/\/schema.org","@graph":[{"@type":"WebPage","@id":"https:\/\/www.super-t.ch\/fr\/contact\/","url":"https:\/\/www.super-t.ch\/fr\/contact\/","name":"Contact | SuperT","isPartOf":{"@id":"https:\/\/www.super-t.ch\/fr\/#website"},"primaryImageOfPage":{"@id":"https:\/\/www.super-t.ch\/fr\/contact\/#primaryimage"},"image":{"@id":"https:\/\/www.super-t.ch\/fr\/contact\/#primaryimage"},"thumbnailUrl":"https:\/\/www.super-t.ch\/wp-content\/uploads\/\/dsc00243-1359x1080.jpg","datePublished":"2022-03-09T14:55:28+00:00","dateModified":"2025-03-26T14:03:23+00:00","description":"Tu souhaites proposer du SuperT dans ton \u00e9tablissement? Ou bien tu as des questions sur le SuperT? Faisons connaissance!","breadcrumb":{"@id":"https:\/\/www.super-t.ch\/fr\/contact\/#breadcrumb"},"inLanguage":"fr-FR","potentialAction":[{"@type":"ReadAction","target":["https:\/\/www.super-t.ch\/fr\/contact\/"]}]},{"@type":"ImageObject","inLanguage":"fr-FR","@id":"https:\/\/www.super-t.ch\/fr\/contact\/#primaryimage","url":"https:\/\/www.super-t.ch\/wp-content\/uploads\/\/dsc00243-1359x1080.jpg","contentUrl":"https:\/\/www.super-t.ch\/wp-content\/uploads\/\/dsc00243-1359x1080.jpg"},{"@type":"BreadcrumbList","@id":"https:\/\/www.super-t.ch\/fr\/contact\/#breadcrumb","itemListElement":[{"@type":"ListItem","position":1,"name":"Home","item":"https:\/\/www.super-t.ch\/fr\/"},{"@type":"ListItem","position":2,"name":"Contact"}]},{"@type":"WebSite","@id":"https:\/\/www.super-t.ch\/fr\/#website","url":"https:\/\/www.super-t.ch\/fr\/","name":"SuperT","description":"by Ramseier","publisher":{"@id":"https:\/\/www.super-t.ch\/fr\/#organization"},"potentialAction":[{"@type":"SearchAction","target":{"@type":"EntryPoint","urlTemplate":"https:\/\/www.super-t.ch\/fr\/?s={search_term_string}"},"query-input":{"@type":"PropertyValueSpecification","valueRequired":true,"valueName":"search_term_string"}}],"inLanguage":"fr-FR"},{"@type":"Organization","@id":"https:\/\/www.super-t.ch\/fr\/#organization","name":"SuperT","url":"https:\/\/www.super-t.ch\/fr\/","logo":{"@type":"ImageObject","inLanguage":"fr-FR","@id":"https:\/\/www.super-t.ch\/fr\/#\/schema\/logo\/image\/","url":"https:\/\/www.super-t.ch\/wp-content\/uploads\/favicon-supert.png","contentUrl":"https:\/\/www.super-t.ch\/wp-content\/uploads\/favicon-supert.png","width":500,"height":500,"caption":"SuperT"},"image":{"@id":"https:\/\/www.super-t.ch\/fr\/#\/schema\/logo\/image\/"}}]}},"_links":{"self":[{"href":"https:\/\/www.super-t.ch\/fr\/wp-json\/wp\/v2\/pages\/216","targetHints":{"allow":["GET"]}}],"collection":[{"href":"https:\/\/www.super-t.ch\/fr\/wp-json\/wp\/v2\/pages"}],"about":[{"href":"https:\/\/www.super-t.ch\/fr\/wp-json\/wp\/v2\/types\/page"}],"author":[{"embeddable":true,"href":"https:\/\/www.super-t.ch\/fr\/wp-json\/wp\/v2\/users\/1"}],"replies":[{"embeddable":true,"href":"https:\/\/www.super-t.ch\/fr\/wp-json\/wp\/v2\/comments?post=216"}],"version-history":[{"count":21,"href":"https:\/\/www.super-t.ch\/fr\/wp-json\/wp\/v2\/pages\/216\/revisions"}],"predecessor-version":[{"id":2431,"href":"https:\/\/www.super-t.ch\/fr\/wp-json\/wp\/v2\/pages\/216\/revisions\/2431"}],"wp:attachment":[{"href":"https:\/\/www.super-t.ch\/fr\/wp-json\/wp\/v2\/media?parent=216"}],"curies":[{"name":"wp","href":"https:\/\/api.w.org\/{rel}","templated":true}]}}